{"id":11,"date":"2023-08-22T09:14:35","date_gmt":"2023-08-22T09:14:35","guid":{"rendered":"http:\/\/www.designiamimarlik.com\/?page_id=11"},"modified":"2025-07-31T12:04:15","modified_gmt":"2025-07-31T12:04:15","slug":"iletisim","status":"publish","type":"page","link":"https:\/\/www.designiamimarlik.com\/index.php\/iletisim\/","title":{"rendered":"\u0130leti\u015fim"},"content":{"rendered":"\t\t<div data-elementor-type=\"wp-page\" data-elementor-id=\"11\" class=\"elementor elementor-11\" data-elementor-post-type=\"page\">\n\t\t\t\t\t\t<section data-marvy_enable_fancy_rotate=\"false\" class=\"elementor-section elementor-top-section elementor-element elementor-element-2aaf355 elementor-section-boxed elementor-section-height-default elementor-section-height-default\" data-id=\"2aaf355\" data-element_type=\"section\" data-e-type=\"section\">\n\t\t\t\t\t\t<div class=\"elementor-container elementor-column-gap-default\">\n\t\t\t\t\t<div class=\"elementor-column elementor-col-100 elementor-top-column elementor-element elementor-element-0a65051\" data-id=\"0a65051\" data-element_type=\"column\" data-e-type=\"column\">\n\t\t\t<div class=\"elementor-widget-wrap elementor-element-populated\">\n\t\t\t\t\t\t<div class=\"elementor-element elementor-element-d77b28f elementor-widget-divider--view-line elementor-widget elementor-widget-divider\" data-id=\"d77b28f\" data-element_type=\"widget\" data-e-type=\"widget\" data-widget_type=\"divider.default\">\n\t\t\t\t\t\t\t<div class=\"elementor-divider\">\n\t\t\t<span class=\"elementor-divider-separator\">\n\t\t\t\t\t\t<\/span>\n\t\t<\/div>\n\t\t\t\t\t\t<\/div>\n\t\t\t\t\t<\/div>\n\t\t<\/div>\n\t\t\t\t\t<\/div>\n\t\t<\/section>\n\t\t\t\t<section data-marvy_enable_fancy_rotate=\"false\" class=\"elementor-section elementor-top-section elementor-element elementor-element-5fa1104 elementor-section-boxed elementor-section-height-default elementor-section-height-default\" data-id=\"5fa1104\" data-element_type=\"section\" data-e-type=\"section\">\n\t\t\t\t\t\t<div class=\"elementor-container elementor-column-gap-default\">\n\t\t\t\t\t<div class=\"elementor-column elementor-col-100 elementor-top-column elementor-element elementor-element-251ec74\" data-id=\"251ec74\" data-element_type=\"column\" data-e-type=\"column\">\n\t\t\t<div class=\"elementor-widget-wrap elementor-element-populated\">\n\t\t\t\t\t\t<div class=\"elementor-element elementor-element-68ae317 elementor-widget elementor-widget-heading\" data-id=\"68ae317\" data-element_type=\"widget\" data-e-type=\"widget\" data-widget_type=\"heading.default\">\n\t\t\t\t\t<h2 class=\"elementor-heading-title elementor-size-large\">\u0130leti\u015fim<\/h2>\t\t\t\t<\/div>\n\t\t\t\t\t<\/div>\n\t\t<\/div>\n\t\t\t\t\t<\/div>\n\t\t<\/section>\n\t\t\t\t<section data-marvy_enable_fancy_rotate_circle=\"yes\" data-marvy_enable_fancy_rotate_particle=\"yes\" data-marvy_fancy_rotate_first_color=\"#ec542f\" data-marvy_fancy_rotate_second_color=\"#ffffff\" data-marvy_enable_fancy_rotate=\"true\" class=\"elementor-section elementor-top-section elementor-element elementor-element-164db31 elementor-section-boxed elementor-section-height-default elementor-section-height-default\" data-id=\"164db31\" data-element_type=\"section\" data-e-type=\"section\">\n\t\t\t\t\t\t<div class=\"elementor-container elementor-column-gap-default\">\n\t\t\t\t\t<div class=\"elementor-column elementor-col-50 elementor-top-column elementor-element elementor-element-06eaf4a\" data-id=\"06eaf4a\" data-element_type=\"column\" data-e-type=\"column\">\n\t\t\t<div class=\"elementor-widget-wrap elementor-element-populated\">\n\t\t\t\t\t\t<div class=\"elementor-element elementor-element-8159900 elementor-widget elementor-widget-google_maps\" data-id=\"8159900\" data-element_type=\"widget\" data-e-type=\"widget\" data-widget_type=\"google_maps.default\">\n\t\t\t\t\t\t\t<div class=\"elementor-custom-embed\">\n\t\t\t<iframe loading=\"lazy\"\n\t\t\t\t\tsrc=\"https:\/\/maps.google.com\/maps?q=Designia%20Mimarl%C4%B1k&#038;t=m&#038;z=10&#038;output=embed&#038;iwloc=near\"\n\t\t\t\t\ttitle=\"Designia Mimarl\u0131k\"\n\t\t\t\t\taria-label=\"Designia Mimarl\u0131k\"\n\t\t\t><\/iframe>\n\t\t<\/div>\n\t\t\t\t\t\t<\/div>\n\t\t\t\t\t<\/div>\n\t\t<\/div>\n\t\t\t\t<div class=\"elementor-column elementor-col-50 elementor-top-column elementor-element elementor-element-248c8f5\" data-id=\"248c8f5\" data-element_type=\"column\" data-e-type=\"column\">\n\t\t\t<div class=\"elementor-widget-wrap elementor-element-populated\">\n\t\t\t\t\t\t<div class=\"elementor-element elementor-element-a0af213 elementor-widget elementor-widget-text-editor\" data-id=\"a0af213\" data-element_type=\"widget\" data-e-type=\"widget\" data-widget_type=\"text-editor.default\">\n\t\t\t\t\t\t\t\t\t<h5><span style=\"color: #e89e5b;\"><strong>MERKEZ OF\u0130S<\/strong><\/span><\/h5><p><strong>Telefon:<\/strong> <a href=\"callto:+902128125132\">+902128125132<\/a><\/p><p><strong>E-Mail:<\/strong> <a href=\"mailto:info@designiamimarlik.com\">info@designiamimarlik.com<\/a><\/p><p><strong>Adres:<\/strong> <span style=\"color: #ffffff;\">Kocatepe Cad. No.293 2. Kat Kap\u0131 No.3 Beylikd\u00fcz\u00fc\/\u0130stanbul<\/span><\/p>\t\t\t\t\t\t\t\t<\/div>\n\t\t\t\t\t<\/div>\n\t\t<\/div>\n\t\t\t\t\t<\/div>\n\t\t<\/section>\n\t\t\t\t<section data-marvy_enable_fancy_rotate_circle=\"yes\" data-marvy_enable_fancy_rotate_particle=\"yes\" data-marvy_fancy_rotate_first_color=\"#ec542f\" data-marvy_fancy_rotate_second_color=\"#ffffff\" data-marvy_enable_fancy_rotate=\"true\" class=\"elementor-section elementor-top-section elementor-element elementor-element-45e2757 elementor-section-boxed elementor-section-height-default elementor-section-height-default\" data-id=\"45e2757\" data-element_type=\"section\" data-e-type=\"section\">\n\t\t\t\t\t\t<div class=\"elementor-container elementor-column-gap-default\">\n\t\t\t\t\t<div class=\"elementor-column elementor-col-50 elementor-top-column elementor-element elementor-element-6a45ff4\" data-id=\"6a45ff4\" data-element_type=\"column\" data-e-type=\"column\">\n\t\t\t<div class=\"elementor-widget-wrap elementor-element-populated\">\n\t\t\t\t\t\t<div class=\"elementor-element elementor-element-9aa3ff6 elementor-widget elementor-widget-google_maps\" data-id=\"9aa3ff6\" data-element_type=\"widget\" data-e-type=\"widget\" data-widget_type=\"google_maps.default\">\n\t\t\t\t\t\t\t<div class=\"elementor-custom-embed\">\n\t\t\t<iframe loading=\"lazy\"\n\t\t\t\t\tsrc=\"https:\/\/maps.google.com\/maps?q=H%C3%BCrriyet%20mah.%20Doktor%20Cemil%20Beng%C3%BC%20Cad.%20Ak%C3%A7aa%C4%9Fa%C3%A7%20%C3%87%C4%B1kmaz%C4%B1%20No%3A10%2FA%20Ka%C4%9F%C4%B1thane%2F%C4%B0stanbul&#038;t=m&#038;z=10&#038;output=embed&#038;iwloc=near\"\n\t\t\t\t\ttitle=\"H\u00fcrriyet mah. Doktor Cemil Beng\u00fc Cad. Ak\u00e7aa\u011fa\u00e7 \u00c7\u0131kmaz\u0131 No:10\/A Ka\u011f\u0131thane\/\u0130stanbul\"\n\t\t\t\t\taria-label=\"H\u00fcrriyet mah. Doktor Cemil Beng\u00fc Cad. Ak\u00e7aa\u011fa\u00e7 \u00c7\u0131kmaz\u0131 No:10\/A Ka\u011f\u0131thane\/\u0130stanbul\"\n\t\t\t><\/iframe>\n\t\t<\/div>\n\t\t\t\t\t\t<\/div>\n\t\t\t\t\t<\/div>\n\t\t<\/div>\n\t\t\t\t<div class=\"elementor-column elementor-col-50 elementor-top-column elementor-element elementor-element-dee1925\" data-id=\"dee1925\" data-element_type=\"column\" data-e-type=\"column\">\n\t\t\t<div class=\"elementor-widget-wrap elementor-element-populated\">\n\t\t\t\t\t\t<div class=\"elementor-element elementor-element-bf1f7df elementor-widget elementor-widget-text-editor\" data-id=\"bf1f7df\" data-element_type=\"widget\" data-e-type=\"widget\" data-widget_type=\"text-editor.default\">\n\t\t\t\t\t\t\t\t\t<h5><span style=\"color: #e89e5b;\"><strong>AT\u00d6LYE &#8211; \u00dcRET\u0130M<\/strong><\/span><\/h5><p><strong>Telefon:<\/strong> <a href=\"callto:+902128125132\">+902128125132<\/a><\/p><p><strong>E-Mail:<\/strong> <a href=\"mailto:info@designiamimarlik.com\">info@designiamimarlik.com<\/a><\/p><p><strong>Adres:<\/strong> <span style=\"color: #ffffff;\">H\u00fcrriyet mah. Doktor Cemil Beng\u00fc Cad. Ak\u00e7aa\u011fa\u00e7 \u00c7\u0131kmaz\u0131 No:10\/A Ka\u011f\u0131thane\/\u0130stanbul<\/span><\/p>\t\t\t\t\t\t\t\t<\/div>\n\t\t\t\t\t<\/div>\n\t\t<\/div>\n\t\t\t\t\t<\/div>\n\t\t<\/section>\n\t\t\t\t<section data-marvy_enable_fancy_rotate=\"false\" class=\"elementor-section elementor-top-section elementor-element elementor-element-c822155 elementor-section-boxed elementor-section-height-default elementor-section-height-default\" data-id=\"c822155\" data-element_type=\"section\" data-e-type=\"section\">\n\t\t\t\t\t\t<div class=\"elementor-container elementor-column-gap-default\">\n\t\t\t\t\t<div class=\"elementor-column elementor-col-100 elementor-top-column elementor-element elementor-element-39b41b7\" data-id=\"39b41b7\" data-element_type=\"column\" data-e-type=\"column\">\n\t\t\t<div class=\"elementor-widget-wrap elementor-element-populated\">\n\t\t\t\t\t\t<div class=\"elementor-element elementor-element-0fcddee elementor-widget-divider--view-line_text elementor-widget-divider--element-align-center elementor-widget elementor-widget-divider\" data-id=\"0fcddee\" data-element_type=\"widget\" data-e-type=\"widget\" data-widget_type=\"divider.default\">\n\t\t\t\t\t\t\t<div class=\"elementor-divider\">\n\t\t\t<span class=\"elementor-divider-separator\">\n\t\t\t\t\t\t\t<span class=\"elementor-divider__text elementor-divider__element\">\n\t\t\t\tDesignia Mimarl\u0131k\t\t\t\t<\/span>\n\t\t\t\t\t\t<\/span>\n\t\t<\/div>\n\t\t\t\t\t\t<\/div>\n\t\t\t\t\t<\/div>\n\t\t<\/div>\n\t\t\t\t\t<\/div>\n\t\t<\/section>\n\t\t\t\t<\/div>\n\t\t","protected":false},"excerpt":{"rendered":"<p>\u0130leti\u015fim MERKEZ OF\u0130S Telefon: +902128125132 E-Mail: info@designiamimarlik.com Adres: Kocatepe Cad. No.293 2. Kat Kap\u0131 No.3 Beylikd\u00fcz\u00fc\/\u0130stanbul AT\u00d6LYE &#8211; \u00dcRET\u0130M Telefon: +902128125132 E-Mail: info@designiamimarlik.com Adres: H\u00fcrriyet mah. Doktor Cemil Beng\u00fc Cad. Ak\u00e7aa\u011fa\u00e7 \u00c7\u0131kmaz\u0131 No:10\/A Ka\u011f\u0131thane\/\u0130stanbul Designia Mimarl\u0131k<\/p>\n","protected":false},"author":1,"featured_media":0,"parent":0,"menu_order":5,"comment_status":"closed","ping_status":"closed","template":"elementor_header_footer","meta":{"footnotes":""},"class_list":["post-11","page","type-page","status-publish","hentry"],"yoast_head":"<!-- This site is optimized with the Yoast SEO plugin v27.5 - https:\/\/yoast.com\/product\/yoast-seo-wordpress\/ -->\n<title>\u0130leti\u015fim - DESIGNIA M\u0130MARLIK<\/title>\n<meta name=\"robots\" content=\"index, follow, max-snippet:-1, max-image-preview:large, max-video-preview:-1\" \/>\n<link rel=\"canonical\" href=\"https:\/\/www.designiamimarlik.com\/index.php\/iletisim\/\" \/>\n<meta property=\"og:locale\" content=\"tr_TR\" \/>\n<meta property=\"og:type\" content=\"article\" \/>\n<meta property=\"og:title\" content=\"\u0130leti\u015fim - DESIGNIA M\u0130MARLIK\" \/>\n<meta property=\"og:description\" content=\"\u0130leti\u015fim MERKEZ OF\u0130S Telefon: +902128125132 E-Mail: info@designiamimarlik.com Adres: Kocatepe Cad. No.293 2. Kat Kap\u0131 No.3 Beylikd\u00fcz\u00fc\/\u0130stanbul AT\u00d6LYE &#8211; \u00dcRET\u0130M Telefon: +902128125132 E-Mail: info@designiamimarlik.com Adres: H\u00fcrriyet mah. Doktor Cemil Beng\u00fc Cad. Ak\u00e7aa\u011fa\u00e7 \u00c7\u0131kmaz\u0131 No:10\/A Ka\u011f\u0131thane\/\u0130stanbul Designia Mimarl\u0131k\" \/>\n<meta property=\"og:url\" content=\"https:\/\/www.designiamimarlik.com\/index.php\/iletisim\/\" \/>\n<meta property=\"og:site_name\" content=\"DESIGNIA M\u0130MARLIK\" \/>\n<meta property=\"article:modified_time\" content=\"2025-07-31T12:04:15+00:00\" \/>\n<meta name=\"twitter:card\" content=\"summary_large_image\" \/>\n<meta name=\"twitter:label1\" content=\"Tahmini okuma s\u00fcresi\" \/>\n\t<meta name=\"twitter:data1\" content=\"1 dakika\" \/>\n<script type=\"application\/ld+json\" class=\"yoast-schema-graph\">{\"@context\":\"https:\\\/\\\/schema.org\",\"@graph\":[{\"@type\":\"WebPage\",\"@id\":\"https:\\\/\\\/www.designiamimarlik.com\\\/index.php\\\/iletisim\\\/\",\"url\":\"https:\\\/\\\/www.designiamimarlik.com\\\/index.php\\\/iletisim\\\/\",\"name\":\"\u0130leti\u015fim - DESIGNIA M\u0130MARLIK\",\"isPartOf\":{\"@id\":\"https:\\\/\\\/www.designiamimarlik.com\\\/#website\"},\"datePublished\":\"2023-08-22T09:14:35+00:00\",\"dateModified\":\"2025-07-31T12:04:15+00:00\",\"breadcrumb\":{\"@id\":\"https:\\\/\\\/www.designiamimarlik.com\\\/index.php\\\/iletisim\\\/#breadcrumb\"},\"inLanguage\":\"tr\",\"potentialAction\":[{\"@type\":\"ReadAction\",\"target\":[\"https:\\\/\\\/www.designiamimarlik.com\\\/index.php\\\/iletisim\\\/\"]}]},{\"@type\":\"BreadcrumbList\",\"@id\":\"https:\\\/\\\/www.designiamimarlik.com\\\/index.php\\\/iletisim\\\/#breadcrumb\",\"itemListElement\":[{\"@type\":\"ListItem\",\"position\":1,\"name\":\"Anasayfa\",\"item\":\"https:\\\/\\\/www.designiamimarlik.com\\\/\"},{\"@type\":\"ListItem\",\"position\":2,\"name\":\"\u0130leti\u015fim\"}]},{\"@type\":\"WebSite\",\"@id\":\"https:\\\/\\\/www.designiamimarlik.com\\\/#website\",\"url\":\"https:\\\/\\\/www.designiamimarlik.com\\\/\",\"name\":\"DESIGNIA M\u0130MARLIK\",\"description\":\"Her Hayal Ger&ccedil;ek Olmaya Lay\u0131k\",\"publisher\":{\"@id\":\"https:\\\/\\\/www.designiamimarlik.com\\\/#organization\"},\"potentialAction\":[{\"@type\":\"SearchAction\",\"target\":{\"@type\":\"EntryPoint\",\"urlTemplate\":\"https:\\\/\\\/www.designiamimarlik.com\\\/?s={search_term_string}\"},\"query-input\":{\"@type\":\"PropertyValueSpecification\",\"valueRequired\":true,\"valueName\":\"search_term_string\"}}],\"inLanguage\":\"tr\"},{\"@type\":\"Organization\",\"@id\":\"https:\\\/\\\/www.designiamimarlik.com\\\/#organization\",\"name\":\"DESIGNIA M\u0130MARLIK\",\"url\":\"https:\\\/\\\/www.designiamimarlik.com\\\/\",\"logo\":{\"@type\":\"ImageObject\",\"inLanguage\":\"tr\",\"@id\":\"https:\\\/\\\/www.designiamimarlik.com\\\/#\\\/schema\\\/logo\\\/image\\\/\",\"url\":\"https:\\\/\\\/www.designiamimarlik.com\\\/wp-content\\\/uploads\\\/2023\\\/08\\\/DESIGNIA-BASLIK-LOGOOO.png\",\"contentUrl\":\"https:\\\/\\\/www.designiamimarlik.com\\\/wp-content\\\/uploads\\\/2023\\\/08\\\/DESIGNIA-BASLIK-LOGOOO.png\",\"width\":1200,\"height\":400,\"caption\":\"DESIGNIA M\u0130MARLIK\"},\"image\":{\"@id\":\"https:\\\/\\\/www.designiamimarlik.com\\\/#\\\/schema\\\/logo\\\/image\\\/\"}}]}<\/script>\n<!-- \/ Yoast SEO plugin. -->","yoast_head_json":{"title":"\u0130leti\u015fim - DESIGNIA M\u0130MARLIK","robots":{"index":"index","follow":"follow","max-snippet":"max-snippet:-1","max-image-preview":"max-image-preview:large","max-video-preview":"max-video-preview:-1"},"canonical":"https:\/\/www.designiamimarlik.com\/index.php\/iletisim\/","og_locale":"tr_TR","og_type":"article","og_title":"\u0130leti\u015fim - DESIGNIA M\u0130MARLIK","og_description":"\u0130leti\u015fim MERKEZ OF\u0130S Telefon: +902128125132 E-Mail: info@designiamimarlik.com Adres: Kocatepe Cad. No.293 2. Kat Kap\u0131 No.3 Beylikd\u00fcz\u00fc\/\u0130stanbul AT\u00d6LYE &#8211; \u00dcRET\u0130M Telefon: +902128125132 E-Mail: info@designiamimarlik.com Adres: H\u00fcrriyet mah. Doktor Cemil Beng\u00fc Cad. Ak\u00e7aa\u011fa\u00e7 \u00c7\u0131kmaz\u0131 No:10\/A Ka\u011f\u0131thane\/\u0130stanbul Designia Mimarl\u0131k","og_url":"https:\/\/www.designiamimarlik.com\/index.php\/iletisim\/","og_site_name":"DESIGNIA M\u0130MARLIK","article_modified_time":"2025-07-31T12:04:15+00:00","twitter_card":"summary_large_image","twitter_misc":{"Tahmini okuma s\u00fcresi":"1 dakika"},"schema":{"@context":"https:\/\/schema.org","@graph":[{"@type":"WebPage","@id":"https:\/\/www.designiamimarlik.com\/index.php\/iletisim\/","url":"https:\/\/www.designiamimarlik.com\/index.php\/iletisim\/","name":"\u0130leti\u015fim - DESIGNIA M\u0130MARLIK","isPartOf":{"@id":"https:\/\/www.designiamimarlik.com\/#website"},"datePublished":"2023-08-22T09:14:35+00:00","dateModified":"2025-07-31T12:04:15+00:00","breadcrumb":{"@id":"https:\/\/www.designiamimarlik.com\/index.php\/iletisim\/#breadcrumb"},"inLanguage":"tr","potentialAction":[{"@type":"ReadAction","target":["https:\/\/www.designiamimarlik.com\/index.php\/iletisim\/"]}]},{"@type":"BreadcrumbList","@id":"https:\/\/www.designiamimarlik.com\/index.php\/iletisim\/#breadcrumb","itemListElement":[{"@type":"ListItem","position":1,"name":"Anasayfa","item":"https:\/\/www.designiamimarlik.com\/"},{"@type":"ListItem","position":2,"name":"\u0130leti\u015fim"}]},{"@type":"WebSite","@id":"https:\/\/www.designiamimarlik.com\/#website","url":"https:\/\/www.designiamimarlik.com\/","name":"DESIGNIA M\u0130MARLIK","description":"Her Hayal Ger&ccedil;ek Olmaya Lay\u0131k","publisher":{"@id":"https:\/\/www.designiamimarlik.com\/#organization"},"potentialAction":[{"@type":"SearchAction","target":{"@type":"EntryPoint","urlTemplate":"https:\/\/www.designiamimarlik.com\/?s={search_term_string}"},"query-input":{"@type":"PropertyValueSpecification","valueRequired":true,"valueName":"search_term_string"}}],"inLanguage":"tr"},{"@type":"Organization","@id":"https:\/\/www.designiamimarlik.com\/#organization","name":"DESIGNIA M\u0130MARLIK","url":"https:\/\/www.designiamimarlik.com\/","logo":{"@type":"ImageObject","inLanguage":"tr","@id":"https:\/\/www.designiamimarlik.com\/#\/schema\/logo\/image\/","url":"https:\/\/www.designiamimarlik.com\/wp-content\/uploads\/2023\/08\/DESIGNIA-BASLIK-LOGOOO.png","contentUrl":"https:\/\/www.designiamimarlik.com\/wp-content\/uploads\/2023\/08\/DESIGNIA-BASLIK-LOGOOO.png","width":1200,"height":400,"caption":"DESIGNIA M\u0130MARLIK"},"image":{"@id":"https:\/\/www.designiamimarlik.com\/#\/schema\/logo\/image\/"}}]}},"_links":{"self":[{"href":"https:\/\/www.designiamimarlik.com\/index.php\/wp-json\/wp\/v2\/pages\/11","targetHints":{"allow":["GET"]}}],"collection":[{"href":"https:\/\/www.designiamimarlik.com\/index.php\/wp-json\/wp\/v2\/pages"}],"about":[{"href":"https:\/\/www.designiamimarlik.com\/index.php\/wp-json\/wp\/v2\/types\/page"}],"author":[{"embeddable":true,"href":"https:\/\/www.designiamimarlik.com\/index.php\/wp-json\/wp\/v2\/users\/1"}],"replies":[{"embeddable":true,"href":"https:\/\/www.designiamimarlik.com\/index.php\/wp-json\/wp\/v2\/comments?post=11"}],"version-history":[{"count":25,"href":"https:\/\/www.designiamimarlik.com\/index.php\/wp-json\/wp\/v2\/pages\/11\/revisions"}],"predecessor-version":[{"id":553,"href":"https:\/\/www.designiamimarlik.com\/index.php\/wp-json\/wp\/v2\/pages\/11\/revisions\/553"}],"wp:attachment":[{"href":"https:\/\/www.designiamimarlik.com\/index.php\/wp-json\/wp\/v2\/media?parent=11"}],"curies":[{"name":"wp","href":"https:\/\/api.w.org\/{rel}","templated":true}]}}